{"id":369,"date":"2021-04-12T13:17:46","date_gmt":"2021-04-12T13:17:46","guid":{"rendered":"https:\/\/estibaliziglesias.com\/?page_id=369"},"modified":"2021-05-05T09:24:54","modified_gmt":"2021-05-05T09:24:54","slug":"pagina-de-inicio","status":"publish","type":"page","link":"https:\/\/estibaliziglesias.com\/","title":{"rendered":"INICIO"},"content":{"rendered":"<p>[vc_section css=\u00bb.vc_custom_1620206469924{margin-top: -140px !important;border-top-width: 0px !important;padding-top: 0px !important;}\u00bb][vc_row hide_on_tablet=\u00bbtrue\u00bb hide_on_mobile=\u00bbtrue\u00bb css=\u00bb.vc_custom_1620206673681{margin-top: 0px !important;border-top-width: 0px !important;padding-top: 0px !important;}\u00bb][vc_column]\n\t\t\t<!-- START Home ES REVOLUTION SLIDER 6.4.6 --><p class=\"rs-p-wp-fix\"><\/p>\n\t\t\t<rs-module-wrap id=\"rev_slider_1_1_wrapper\" data-source=\"gallery\" style=\"background:transparent;padding:0;margin:0px auto;margin-top:0;margin-bottom:0;\">\n\t\t\t\t<rs-module id=\"rev_slider_1_1\" style=\"\" data-version=\"6.4.6\">\n\t\t\t\t\t<rs-slides>\n\t\t\t\t\t\t<rs-slide data-key=\"rs-1\" data-title=\"Slide\" data-anim=\"ms:2740;\" data-in=\"o:0;\" data-out=\"a:false;\">\n\t\t\t\t\t\t\t<img src=\"\/\/estibaliziglesias.com\/wp-content\/uploads\/2021\/03\/slider_home.jpg\" title=\"slider_home\" width=\"1920\" height=\"975\" class=\"rev-slidebg tp-rs-img\" data-no-retina>\n<!--\n\t\t\t\t\t\t\t--><rs-layer\n\t\t\t\t\t\t\t\tid=\"slider-1-slide-1-layer-0\" \n\t\t\t\t\t\t\t\tdata-type=\"text\"\n\t\t\t\t\t\t\t\tdata-rsp_ch=\"on\"\n\t\t\t\t\t\t\t\tdata-xy=\"x:c;y:m;\"\n\t\t\t\t\t\t\t\tdata-text=\"w:normal;s:60,32,28,18;l:60,32,24,14;a:center;\"\n\t\t\t\t\t\t\t\tdata-basealign=\"slide\"\n\t\t\t\t\t\t\t\tdata-frame_1=\"st:1670;sp:1070;sR:1670;\"\n\t\t\t\t\t\t\t\tdata-frame_999=\"o:0;st:w;sR:6260;\"\n\t\t\t\t\t\t\t\tstyle=\"z-index:5;font-family:'Cardo';\"\n\t\t\t\t\t\t\t>La tranquilidad de una opini\u00f3n m\u00e9dica comprensible \n\t\t\t\t\t\t\t<\/rs-layer><!--\n-->\t\t\t\t\t\t<\/rs-slide>\n\t\t\t\t\t<\/rs-slides>\n\t\t\t\t<\/rs-module>\n\t\t\t\t<script type=\"text\/javascript\">\n\t\t\t\t\tsetREVStartSize({c: 'rev_slider_1_1',rl:[1240,1024,778,480],el:[975,768,960,720],gw:[1920,1024,778,480],gh:[975,768,960,720],type:'standard',justify:'',layout:'fullwidth',mh:\"0\"});\n\t\t\t\t\tvar\trevapi1,\n\t\t\t\t\t\ttpj;\n\t\t\t\t\tfunction revinit_revslider11() {\n\t\t\t\t\tjQuery(function() {\n\t\t\t\t\t\ttpj = jQuery;\n\t\t\t\t\t\trevapi1 = tpj(\"#rev_slider_1_1\");\n\t\t\t\t\t\tif(revapi1==undefined || revapi1.revolution == undefined){\n\t\t\t\t\t\t\trevslider_showDoubleJqueryError(\"rev_slider_1_1\");\n\t\t\t\t\t\t}else{\n\t\t\t\t\t\t\trevapi1.revolution({\n\t\t\t\t\t\t\t\tsliderLayout:\"fullwidth\",\n\t\t\t\t\t\t\t\tvisibilityLevels:\"1240,1024,778,480\",\n\t\t\t\t\t\t\t\tgridwidth:\"1920,1024,778,480\",\n\t\t\t\t\t\t\t\tgridheight:\"975,768,960,720\",\n\t\t\t\t\t\t\t\tperspective:600,\n\t\t\t\t\t\t\t\tperspectiveType:\"global\",\n\t\t\t\t\t\t\t\teditorheight:\"975,768,960,720\",\n\t\t\t\t\t\t\t\tresponsiveLevels:\"1240,1024,778,480\",\n\t\t\t\t\t\t\t\tprogressBar:{disableProgressBar:true},\n\t\t\t\t\t\t\t\tnavigation: {\n\t\t\t\t\t\t\t\t\tonHoverStop:false\n\t\t\t\t\t\t\t\t},\n\t\t\t\t\t\t\t\tfallbacks: {\n\t\t\t\t\t\t\t\t\tallowHTML5AutoPlayOnAndroid:true\n\t\t\t\t\t\t\t\t},\n\t\t\t\t\t\t\t});\n\t\t\t\t\t\t}\n\t\t\t\t\t\t\n\t\t\t\t\t});\n\t\t\t\t\t} \/\/ End of RevInitScript\n\t\t\t\tvar once_revslider11 = false;\n\t\t\t\tif (document.readyState === \"loading\") {document.addEventListener('readystatechange',function() { if((document.readyState === \"interactive\" || document.readyState === \"complete\") && !once_revslider11 ) { once_revslider11 = true; revinit_revslider11();}});} else {once_revslider11 = true; revinit_revslider11();}\n\t\t\t\t<\/script>\n\t\t\t<\/rs-module-wrap>\n\t\t\t<!-- END REVOLUTION SLIDER -->\n[\/vc_column][\/vc_row][vc_row hide_on_desktop=\u00bbtrue\u00bb css=\u00bb.vc_custom_1620206691948{margin-top: 140px !important;border-top-width: 0px !important;padding-top: 0px !important;}\u00bb][vc_column]\n\t\t\t<!-- START Home ES REVOLUTION SLIDER 6.4.6 --><p class=\"rs-p-wp-fix\"><\/p>\n\t\t\t<rs-module-wrap id=\"rev_slider_1_2_wrapper\" data-source=\"gallery\" style=\"background:transparent;padding:0;margin:0px auto;margin-top:0;margin-bottom:0;\">\n\t\t\t\t<rs-module id=\"rev_slider_1_2\" style=\"\" data-version=\"6.4.6\">\n\t\t\t\t\t<rs-slides>\n\t\t\t\t\t\t<rs-slide data-key=\"rs-1\" data-title=\"Slide\" data-anim=\"ms:2740;\" data-in=\"o:0;\" data-out=\"a:false;\">\n\t\t\t\t\t\t\t<img src=\"\/\/estibaliziglesias.com\/wp-content\/uploads\/2021\/03\/slider_home.jpg\" title=\"slider_home\" width=\"1920\" height=\"975\" class=\"rev-slidebg tp-rs-img\" data-no-retina>\n<!--\n\t\t\t\t\t\t\t--><rs-layer\n\t\t\t\t\t\t\t\tid=\"slider-1-slide-1-layer-0\" \n\t\t\t\t\t\t\t\tdata-type=\"text\"\n\t\t\t\t\t\t\t\tdata-rsp_ch=\"on\"\n\t\t\t\t\t\t\t\tdata-xy=\"x:c;y:m;\"\n\t\t\t\t\t\t\t\tdata-text=\"w:normal;s:60,32,28,18;l:60,32,24,14;a:center;\"\n\t\t\t\t\t\t\t\tdata-basealign=\"slide\"\n\t\t\t\t\t\t\t\tdata-frame_1=\"st:1670;sp:1070;sR:1670;\"\n\t\t\t\t\t\t\t\tdata-frame_999=\"o:0;st:w;sR:6260;\"\n\t\t\t\t\t\t\t\tstyle=\"z-index:5;font-family:'Cardo';\"\n\t\t\t\t\t\t\t>La tranquilidad de una opini\u00f3n m\u00e9dica comprensible \n\t\t\t\t\t\t\t<\/rs-layer><!--\n-->\t\t\t\t\t\t<\/rs-slide>\n\t\t\t\t\t<\/rs-slides>\n\t\t\t\t<\/rs-module>\n\t\t\t\t<script type=\"text\/javascript\">\n\t\t\t\t\tsetREVStartSize({c: 'rev_slider_1_2',rl:[1240,1024,778,480],el:[975,768,960,720],gw:[1920,1024,778,480],gh:[975,768,960,720],type:'standard',justify:'',layout:'fullwidth',mh:\"0\"});\n\t\t\t\t\tvar\trevapi1,\n\t\t\t\t\t\ttpj;\n\t\t\t\t\tfunction revinit_revslider12() {\n\t\t\t\t\tjQuery(function() {\n\t\t\t\t\t\ttpj = jQuery;\n\t\t\t\t\t\trevapi1 = tpj(\"#rev_slider_1_2\");\n\t\t\t\t\t\tif(revapi1==undefined || revapi1.revolution == undefined){\n\t\t\t\t\t\t\trevslider_showDoubleJqueryError(\"rev_slider_1_2\");\n\t\t\t\t\t\t}else{\n\t\t\t\t\t\t\trevapi1.revolution({\n\t\t\t\t\t\t\t\tsliderLayout:\"fullwidth\",\n\t\t\t\t\t\t\t\tvisibilityLevels:\"1240,1024,778,480\",\n\t\t\t\t\t\t\t\tgridwidth:\"1920,1024,778,480\",\n\t\t\t\t\t\t\t\tgridheight:\"975,768,960,720\",\n\t\t\t\t\t\t\t\tperspective:600,\n\t\t\t\t\t\t\t\tperspectiveType:\"global\",\n\t\t\t\t\t\t\t\teditorheight:\"975,768,960,720\",\n\t\t\t\t\t\t\t\tresponsiveLevels:\"1240,1024,778,480\",\n\t\t\t\t\t\t\t\tprogressBar:{disableProgressBar:true},\n\t\t\t\t\t\t\t\tnavigation: {\n\t\t\t\t\t\t\t\t\tonHoverStop:false\n\t\t\t\t\t\t\t\t},\n\t\t\t\t\t\t\t\tfallbacks: {\n\t\t\t\t\t\t\t\t\tallowHTML5AutoPlayOnAndroid:true\n\t\t\t\t\t\t\t\t},\n\t\t\t\t\t\t\t});\n\t\t\t\t\t\t}\n\t\t\t\t\t\t\n\t\t\t\t\t});\n\t\t\t\t\t} \/\/ End of RevInitScript\n\t\t\t\tvar once_revslider12 = false;\n\t\t\t\tif (document.readyState === \"loading\") {document.addEventListener('readystatechange',function() { if((document.readyState === \"interactive\" || document.readyState === \"complete\") && !once_revslider12 ) { once_revslider12 = true; revinit_revslider12();}});} else {once_revslider12 = true; revinit_revslider12();}\n\t\t\t\t<\/script>\n\t\t\t<\/rs-module-wrap>\n\t\t\t<!-- END REVOLUTION SLIDER -->\n[\/vc_column][\/vc_row][\/vc_section][vc_section full_width=\u00bbstretch_row_content\u00bb css=\u00bb.vc_custom_1614695125324{margin-top: 80px !important;margin-bottom: 0px !important;border-bottom-width: 0px !important;padding-bottom: 0px !important;}\u00bb][vc_row full_width=\u00bbstretch_row_content\u00bb content_placement=\u00bbmiddle\u00bb css=\u00bb.vc_custom_1614695141533{margin-right: 0px !important;margin-bottom: 0px !important;border-right-width: 0px !important;border-bottom-width: 0px !important;padding-right: 0px !important;padding-bottom: 0px !important;padding-left: 200px !important;}\u00bb][vc_column width=\u00bb1\/4&#8243;][vc_column_text css_animation=\u00bbleft-to-right\u00bb]<\/p>\n<h2><span style=\"color: #765954;\">Soy<\/span><br \/>\n<span style=\"color: #765954;\">Est\u00edbaliz Iglesias<\/span><\/h2>\n<p>Doctora en medicina, pediatra y reumat\u00f3loga con m\u00e1s de 15 a\u00f1os de experiencia en reumatolog\u00eda pedi\u00e1trica.<\/p>\n<p>Ofrezco a las familias de ni\u00f1os con enfermedades reum\u00e1ticas mi opini\u00f3n m\u00e9dica online.<\/p>\n<p><a title=\"M\u00e1s sobre mi\" href=\"https:\/\/estibaliziglesias.com\/index.php\/quien-soy\/\">M\u00e1s sobre mi \u2013<\/a>[\/vc_column_text][\/vc_column][vc_column width=\u00bb3\/4&#8243; css=\u00bb.vc_custom_1614695157147{margin-right: 0px !important;margin-bottom: 0px !important;border-right-width: 0px !important;border-bottom-width: 0px !important;padding-right: 0px !important;padding-bottom: 0px !important;}\u00bb]<div data-effect=\"slideInRight\" data-animateonce=\"yes\" data-delay=\"0\" data-animation-duration=\"4s\" class=\"wpb_content_element ut-animate-image animated  vc_custom_1617472074983 clearfix\"><style type=\"text\/css\">#ut_am_69daa3f5e4990 { opacity: 1; }#ut_am_wrap_69daa3f5e4992 .ut-image-gallery-item-caption-title h3 { letter-spacing: 0em; }#ut_am_wrap_69daa3f5e4992 .ut-gallery-slider-caption { font-weight: bold; }#ut_am_wrap_69daa3f5e4992 { text-align: left; }@media (min-width: 768px) and (max-width: 1024px) { #ut_am_wrap_69daa3f5e4992 { text-align: left !important; } }@media (max-width: 767px) { #ut_am_wrap_69daa3f5e4992 { text-align: center !important; } }<\/style><div id=\"ut_am_wrap_69daa3f5e4992\" class=\"ut-image-gallery-image \"><div id=\"ut_reveal_69daa3f5e4993\"  data-appear-top-offset=\"auto\" class=\"ut-animated-image-item ut-image-gallery-item ut-animation-done \"><a class=\"ut-deactivated-link\" href=\"#\"><div class=\"ut-animated-image-zoom\"><img class=\"ut-lazy skip-lazy ut-animated-image \"  id=\"ut_am_69daa3f5e4990\" src=\"data:image\/svg+xml;charset=utf-8,%3Csvg xmlns%3D'http%3A%2F%2Fwww.w3.org%2F2000%2Fsvg' viewBox%3D'0 0 1280 720'%2F%3E\" data-src=\"https:\/\/estibaliziglesias.com\/wp-content\/uploads\/2021\/04\/foto_home_02.jpg\" width=\"1280\" height=\"720\" alt=\"\"\/><\/div><\/a><\/div><\/div><\/div>[\/vc_column][\/vc_row][\/vc_section][vc_section css=\u00bb.vc_custom_1614693539687{margin-top: 60px !important;padding-right: 300px !important;padding-left: 300px !important;}\u00bb][vc_row delay=\u00bbtrue\u00bb effect=\u00bbslideInUp\u00bb animation_duration=\u00bb2s\u00bb delay_timer=\u00bb100&#8243;][vc_column][vc_column_text]<\/p>\n<h2 style=\"text-align: center;\"><span style=\"color: #765954;\">Por qu\u00e9<\/span><br \/>\n<span style=\"color: #765954;\">he creado este proyecto<\/span><\/h2>\n<p>[\/vc_column_text][vc_row_inner][vc_column_inner width=\u00bb1\/2&#8243;][vc_column_text]Tras m\u00e1s de 15 a\u00f1os de dedicaci\u00f3n a la reumatolog\u00eda pedi\u00e1trica, sent\u00ed la necesidad de crear un espacio en el que transmitir la informaci\u00f3n m\u00e9dica de una manera cercana y comprensible.[\/vc_column_text][\/vc_column_inner][vc_column_inner width=\u00bb1\/2&#8243;][vc_column_text]Hablar con las familias en un ambiente distendido, dise\u00f1ar de forma conjunta los objetivos del tratamiento y resolver las dudas que siempre surgen ante un nuevo diagn\u00f3stico, es fundamental para conseguir una buena adherencia al tratamiento, que en la mayor\u00eda de los<br \/>\nni\u00f1os permitir\u00e1 realizar una vida normal.[\/vc_column_text][\/vc_column_inner][\/vc_row_inner][vc_row_inner][vc_column_inner][vc_separator color=\u00bbblack\u00bb][\/vc_column_inner][\/vc_row_inner][\/vc_column][\/vc_row][\/vc_section][vc_section full_width=\u00bbstretch_row_content\u00bb css=\u00bb.vc_custom_1614694223274{margin-top: 60px !important;}\u00bb][vc_row full_width=\u00bbstretch_row_content\u00bb content_placement=\u00bbmiddle\u00bb css=\u00bb.vc_custom_1614694140969{margin-left: 0px !important;border-left-width: 0px !important;padding-left: 0px !important;}\u00bb][vc_column width=\u00bb3\/5&#8243; css=\u00bb.vc_custom_1614693892656{margin-left: 0px !important;border-left-width: 0px !important;padding-left: 0px !important;}\u00bb]<div data-effect=\"slideInLeft\" data-animateonce=\"yes\" data-delay=\"500\" data-animation-duration=\"2s\" class=\"wpb_content_element ut-animate-image animated  vc_custom_1614695918194 clearfix\"><style type=\"text\/css\">#ut_am_69daa3f5e4cdd { opacity: 1; }#ut_am_wrap_69daa3f5e4cde .ut-image-gallery-item-caption-title h3 { letter-spacing: 0em; }#ut_am_wrap_69daa3f5e4cde .ut-gallery-slider-caption { font-weight: bold; }#ut_am_wrap_69daa3f5e4cde { text-align: left; }@media (min-width: 768px) and (max-width: 1024px) { #ut_am_wrap_69daa3f5e4cde { text-align: left !important; } }@media (max-width: 767px) { #ut_am_wrap_69daa3f5e4cde { text-align: center !important; } }<\/style><div id=\"ut_am_wrap_69daa3f5e4cde\" class=\"ut-image-gallery-image \"><div id=\"ut_reveal_69daa3f5e4cdf\"  data-appear-top-offset=\"auto\" class=\"ut-animated-image-item ut-image-gallery-item ut-animation-done \"><a class=\"ut-deactivated-link\" href=\"#\"><div class=\"ut-animated-image-zoom\"><img class=\"ut-lazy skip-lazy ut-animated-image \"  id=\"ut_am_69daa3f5e4cdd\" src=\"data:image\/svg+xml;charset=utf-8,%3Csvg xmlns%3D'http%3A%2F%2Fwww.w3.org%2F2000%2Fsvg' viewBox%3D'0 0 1280 720'%2F%3E\" data-src=\"https:\/\/estibaliziglesias.com\/wp-content\/uploads\/2021\/03\/foto_home_02.jpg\" width=\"1280\" height=\"720\" alt=\"\"\/><\/div><\/a><\/div><\/div><\/div>[\/vc_column][vc_column width=\u00bb2\/5&#8243; delay=\u00bbtrue\u00bb css=\u00bb.vc_custom_1614695928048{padding-right: 100px !important;}\u00bb effect=\u00bbslideInRight\u00bb animation_duration=\u00bb2s\u00bb delay_timer=\u00bb500&#8243;][vc_column_text]<\/p>\n<h2><span style=\"color: #765954;\">Os propongo<\/span><\/h2>\n<p>Una orientaci\u00f3n m\u00e9dica comprensible y personalizada ante el diagn\u00f3stico o sospecha de enfermedad reum\u00e1tica en pediatr\u00eda: opciones de tratamiento, cu\u00e1ndo debo preocuparme, qu\u00e9 vigilar.<\/p>\n<p><a title=\"Saber m\u00e1s\" href=\"https:\/\/estibaliziglesias.com\/index.php\/consulta-online\/\">Saber m\u00e1s \u2013<\/a>[\/vc_column_text][\/vc_column][\/vc_row][\/vc_section][vc_section css=\u00bb.vc_custom_1614694481729{margin-top: 60px !important;}\u00bb][vc_row delay=\u00bbtrue\u00bb effect=\u00bbslideInUp\u00bb animation_duration=\u00bb2s\u00bb delay_timer=\u00bb300&#8243;][vc_column][vc_column_text]<\/p>\n<h2 style=\"text-align: center;\"><span style=\"color: #765954;\">Servicio privado.<\/span><br \/>\n<span style=\"color: #765954;\">Atenci\u00f3n por videoconferencia con cita previa.<\/span><\/h2>\n<p style=\"text-align: center;\"><a title=\"CONSULTA ONLINE\" href=\"https:\/\/estibaliziglesias.com\/index.php\/consulta-online\/\"><em>Consulta online<\/em><\/a><\/p>\n<p>[\/vc_column_text][\/vc_column][\/vc_row][\/vc_section][vc_section full_width=\u00bbstretch_row_content\u00bb css=\u00bb.vc_custom_1614695792055{margin-top: 60px !important;margin-bottom: 0px !important;border-bottom-width: 0px !important;padding-bottom: 0px !important;}\u00bb][vc_row full_width=\u00bbstretch_row_content\u00bb content_placement=\u00bbmiddle\u00bb css=\u00bb.vc_custom_1614695393435{margin-right: 0px !important;margin-bottom: 0px !important;border-right-width: 0px !important;border-bottom-width: 0px !important;padding-right: 0px !important;padding-bottom: 0px !important;padding-left: 100px !important;}\u00bb][vc_column width=\u00bb1\/4&#8243; delay=\u00bbtrue\u00bb effect=\u00bbslideInLeft\u00bb animation_duration=\u00bb3s\u00bb delay_timer=\u00bb700&#8243;][vc_column_text]<\/p>\n<h2><span style=\"color: #765954;\">Resuelve tus dudas<\/span><\/h2>\n<p>Un punto de encuentro online en el que aumentar el conocimiento sobre la enfermedad de vuestro hijo, las distintas opciones de tratamiento y resolver las dudas que surgen ante un nuevo diagn\u00f3stico.<\/p>\n<p><a title=\"\u00bfEmpezamos?\" href=\"https:\/\/estibaliziglesias.com\/index.php\/resuelve-tus-dudas\/\">\u00bfEmpezamos? \u2013<\/a>[\/vc_column_text][\/vc_column][vc_column width=\u00bb3\/4&#8243; delay=\u00bbtrue\u00bb css=\u00bb.vc_custom_1618926071632{margin-right: 0px !important;margin-bottom: 0px !important;border-right-width: 0px !important;border-bottom-width: 0px !important;padding-right: 0px !important;padding-bottom: 0px !important;}\u00bb effect=\u00bbslideInRight\u00bb animation_duration=\u00bb3s\u00bb delay_timer=\u00bb700&#8243;]<div class=\"wpb_content_element \"><style type=\"text\/css\">#ut_ms_css_69daa3f5e4d62 .ut-gallery-slider-caption-wrap::before { content: \"\"; }#ut_ms_css_69daa3f5e4d62 .ut-gallery-slider-caption-wrap:hover::after {opacity: 0.3}<\/style><div id=\"ut_ms_css_69daa3f5e4d62\" class=\"ut-owl-gallery-slider-wrap ut-owl-gallery-slider-style-two\"><div id=\"ut_ms_69daa3f5e4d60\" class=\"ut-owl-gallery-slider ut-owl-gallery-slider-with-media owl-theme owl-carousel  ut-owl-carousel\" data-settings=\"{&quot;items&quot;:1,&quot;lazyLoad&quot;:true,&quot;smartSpeed&quot;:600,&quot;animateIn&quot;:false,&quot;animateOut&quot;:false,&quot;autoplay&quot;:false,&quot;autoplayHoverPause&quot;:true,&quot;autoplayTimeout&quot;:5000,&quot;loop&quot;:true,&quot;nav&quot;:false,&quot;dots&quot;:false,&quot;responsiveClass&quot;:true,&quot;responsive&quot;:{&quot;0&quot;:{&quot;items&quot;:1},&quot;768&quot;:{&quot;items&quot;:1},&quot;1025&quot;:{&quot;items&quot;:1}},&quot;lightbox&quot;:&quot;yes&quot;}\"><figure class=\"ut-gallery-slider-caption-wrap\"><a  href=\"https:\/\/youtu.be\/Mz996OiNVOE\" class=\"for-lightbox ut-owl-video-link\"><div class=\"ut-owl-video-play-icon\"><i class=\"Bklyn-Core-Right-6\"><\/i><\/div><\/a><img class=\"item owl-lazy\" data-src=\"https:\/\/estibaliziglesias.com\/wp-content\/uploads\/2021\/04\/Portada_web_estibaliziglesias.jpg\" \/><\/figure><\/div><\/div><\/div>[\/vc_column][\/vc_row][\/vc_section]<\/p>\n","protected":false},"excerpt":{"rendered":"<p>[vc_section css=\u00bb.vc_custom_1620206469924{margin-top: -140px !important;border-top-width: 0px !important;padding-top: 0px !important;}\u00bb][vc_row hide_on_tablet=\u00bbtrue\u00bb hide_on_mobile=\u00bbtrue\u00bb css=\u00bb.vc_custom_1620206673681{margin-top: 0px !important;border-top-width: 0px !important;padding-top: 0px !important;}\u00bb][vc_column][\/vc_column][\/vc_row][vc_row hide_on_desktop=\u00bbtrue\u00bb css=\u00bb.vc_custom_1620206691948{margin-top: 140px !important;border-top-width: 0px !important;padding-top: 0px !important;}\u00bb][vc_column][\/vc_column][\/vc_row][\/vc_section][vc_section full_width=\u00bbstretch_row_content\u00bb css=\u00bb.vc_custom_1614695125324{margin-top: 80px !important;margin-bottom: 0px !important;border-bottom-width: 0px !important;padding-bottom: 0px !important;}\u00bb][vc_row full_width=\u00bbstretch_row_content\u00bb content_placement=\u00bbmiddle\u00bb css=\u00bb.vc_custom_1614695141533{margin-right: 0px !important;margin-bottom: 0px !important;border-right-width: 0px !important;border-bottom-width: 0px !important;padding-right: 0px !important;padding-bottom: 0px !important;padding-left: 200px !important;}\u00bb][vc_column width=\u00bb1\/4&#8243;][vc_column_text css_animation=\u00bbleft-to-right\u00bb] Soy [&hellip;]<\/p>\n","protected":false},"author":2,"featured_media":0,"parent":0,"menu_order":3,"comment_status":"closed","ping_status":"closed","template":"","meta":[],"aioseo_notices":[],"_links":{"self":[{"href":"https:\/\/estibaliziglesias.com\/index.php\/wp-json\/wp\/v2\/pages\/369"}],"collection":[{"href":"https:\/\/estibaliziglesias.com\/index.php\/wp-json\/wp\/v2\/pages"}],"about":[{"href":"https:\/\/estibaliziglesias.com\/index.php\/wp-json\/wp\/v2\/types\/page"}],"author":[{"embeddable":true,"href":"https:\/\/estibaliziglesias.com\/index.php\/wp-json\/wp\/v2\/users\/2"}],"replies":[{"embeddable":true,"href":"https:\/\/estibaliziglesias.com\/index.php\/wp-json\/wp\/v2\/comments?post=369"}],"version-history":[{"count":13,"href":"https:\/\/estibaliziglesias.com\/index.php\/wp-json\/wp\/v2\/pages\/369\/revisions"}],"predecessor-version":[{"id":575,"href":"https:\/\/estibaliziglesias.com\/index.php\/wp-json\/wp\/v2\/pages\/369\/revisions\/575"}],"wp:attachment":[{"href":"https:\/\/estibaliziglesias.com\/index.php\/wp-json\/wp\/v2\/media?parent=369"}],"curies":[{"name":"wp","href":"https:\/\/api.w.org\/{rel}","templated":true}]}}